{"id":40784,"date":"2021-02-16T09:59:12","date_gmt":"2021-02-16T09:59:12","guid":{"rendered":"https:\/\/tugraztestweb.asol.at\/gesamtverzeichnis\/unkategorisiert\/experimental-and-computational-analyses-of-pathological-soft-tissues-towards-a-better-understanding-of-the-pathogenesis-of-aaa-2\/"},"modified":"2021-03-09T15:35:37","modified_gmt":"2021-03-09T13:35:37","slug":"percutaneous-coronary-intervention","status":"publish","type":"product","link":"https:\/\/tugraztestweb.asol.at\/en\/gesamtverzeichnis\/informatik-und-biomedizinische-technik\/percutaneous-coronary-intervention\/","title":{"rendered":"Percutaneous Coronary Intervention"},"content":{"rendered":"<p> After percutaneous coronary interventions (PCI) with stenting, in-stent restenosis (ISR) continues to occur frequently. As the extend of ISR increases with the severity of the induced damage, stents and balloon catheters must be optimized to minimize vascular injuries during PCI. The finite element method (FEM) is a helpful tool capable of calculating and visualizing harmful stresses and deformations within the arterial wall. The accuracy of FEM simulations can be increased considerably if detailed geometries and suitable constitutive models are implemented, and prevailing contact and boundary conditions taken into account.<\/p>\n<p>This thesis provides a scientific basis for more precise FEM simulations of PCI by presenting novel insights into three research topics: (i) in a computational study, the effect of production steps on the expansion behavior of balloon catheters and stents was analyzed; (ii) in the second study, the mechanical properties of balloon catheter membranes were investigated and a suitable constitutive material model developed; (iii) finally, stent-induced vascular damage could be quantified by simulating the loading scenario of PCI in vitro, measuring the mechanical response of the arterial wall, and analyzing the tissue&#8217;s microstructure.<\/p>","protected":false},"excerpt":{"rendered":"<p>After percutaneous coronary interventions (PCI) with stenting, in-stent restenosis (ISR) continues to occur frequently. As the extend of ISR increases with the severity of the induced damage, stents and balloon catheters must be optimized to minimize vascular injuries during PCI. The finite element method (FEM) is a helpful tool capable of calculating and visualizing harmful stresses and deformations within the arterial wall. The accuracy of FEM simulations can be increased considerably if detailed geometries and suitable constitutive models are implemented, and prevailing contact and boundary conditions taken into account.<\/p>\n<p>This thesis provides a scientific basis for more precise FEM simulations of PCI by presenting novel insights into three research topics: (i) in a computational study, the effect of production steps on the expansion behavior of balloon catheters and stents was analyzed; (ii) in the second study, the mechanical properties of balloon catheter membranes were investigated and a suitable constitutive material model developed; (iii) finally, stent-induced vascular damage could be quantified by simulating the loading scenario of PCI in vitro, measuring the mechanical response of the arterial wall, and analyzing the tissue&#8217;s microstructure.<\/p>\n","protected":false},"featured_media":40797,"comment_status":"closed","ping_status":"closed","template":"","meta":[],"yoast_head":"<!-- This site is optimized with the Yoast SEO plugin v16.1.1 - https:\/\/yoast.com\/wordpress\/plugins\/seo\/ -->\n<link rel=\"canonical\" href=\"https:\/\/tugraztestweb.asol.at\/gesamtverzeichnis\/informatik-und-biomedizinische-technik\/percutaneous-coronary-intervention\/\" \/>\n<meta property=\"og:locale\" content=\"en_US\" \/>\n<meta property=\"og:type\" content=\"article\" \/>\n<meta property=\"og:title\" content=\"Percutaneous Coronary Intervention - Verlag der TU Graz\" \/>\n<meta property=\"og:description\" content=\"[:de]Nach perkutanen Koronarinterventionen (PCI) kommt es weiterhin h\u00e4ufig zu In-Stent-Restenosen (ISR). Da das Ausma\u00df von ISR mit der Schwere der induzierten Sch\u00e4digung zunimmt, m\u00fcssen Stents und Ballonkatheter optimiert werden. Die Finite-Elemente-Methode (FEM) ist ein hilfreiches Werkzeug zur Berechnung sch\u00e4dlicher Spannungen und Deformationen innerhalb der Arterienwand. Die Genauigkeit von FEM-Simulationen kann erheblich erh\u00f6ht werden, wenn detaillierte Geometrien und geeignete konstitutive Modelle implementiert und vorherrschende Kontakt- und Randbedingungen ber\u00fccksichtigt werden.  Diese Arbeit fasst die Forschungsergebnisse aus den folgenden Studien zusammen, welche zuk\u00fcnftig dazu beitragen k\u00f6nnen pr\u00e4zisere FEM-Simulationen von PCI durchzuf\u00fchren: (i) In einer numerischen Studie wurde die Auswirkung von Produktionsschritten auf das Expansionsverhalten von Ballonkathetern und Stents analysiert; (ii) In der zweiten Studie wurden die mechanischen Eigenschaften von Ballonkathetermembranen untersucht und ein geeignetes konstitutives Materialmodell entwickelt; (iii) Schlie\u00dflich konnte die Gef\u00e4\u00dfsch\u00e4digung quantifiziert werden, indem das Belastungsszenario von PCI in vitro simuliert, die mechanische Reaktion der Arterienwand gemessen und die Mikrostruktur des Gewebes analysiert wurde.[:en] After percutaneous coronary interventions (PCI) with stenting, in-stent restenosis (ISR) continues to occur frequently. As the extend of ISR increases with the severity of the induced damage, stents and balloon catheters must be optimized to minimize vascular injuries during PCI. The finite element method (FEM) is a helpful tool capable of calculating and visualizing harmful stresses and deformations within the arterial wall. The accuracy of FEM simulations can be increased considerably if detailed geometries and suitable constitutive models are implemented, and prevailing contact and boundary conditions taken into account.This thesis provides a scientific basis for more precise FEM simulations of PCI by presenting novel insights into three research topics: (i) in a computational study, the effect of production steps on the expansion behavior of balloon catheters and stents was analyzed; (ii) in the second study, the mechanical properties of balloon catheter membranes were investigated and a suitable constitutive material model developed; (iii) finally, stent-induced vascular damage could be quantified by simulating the loading scenario of PCI in vitro, measuring the mechanical response of the arterial wall, and analyzing the tissue&#039;s microstructure.[:]\" \/>\n<meta property=\"og:url\" content=\"https:\/\/tugraztestweb.asol.at\/gesamtverzeichnis\/informatik-und-biomedizinische-technik\/percutaneous-coronary-intervention\/\" \/>\n<meta property=\"og:site_name\" content=\"Verlag der TU Graz\" \/>\n<meta property=\"article:modified_time\" content=\"2021-03-09T13:35:37+00:00\" \/>\n<meta property=\"og:image\" content=\"https:\/\/tugraztestweb.asol.at\/wp-content\/uploads\/2021\/02\/image-978-3-85125-801-1.jpg\" \/>\n\t<meta property=\"og:image:width\" content=\"590\" \/>\n\t<meta property=\"og:image:height\" content=\"857\" \/>\n<meta name=\"twitter:card\" content=\"summary_large_image\" \/>\n<meta name=\"twitter:label1\" content=\"Est. reading time\">\n\t<meta name=\"twitter:data1\" content=\"2 minutes\">\n<script type=\"application\/ld+json\" class=\"yoast-schema-graph\">{\"@context\":\"https:\/\/schema.org\",\"@graph\":[{\"@type\":\"WebSite\",\"@id\":\"https:\/\/tugraztestweb.asol.at\/#website\",\"url\":\"https:\/\/tugraztestweb.asol.at\/\",\"name\":\"Verlag der TU Graz\",\"description\":\"Verlag der Technischen Universit\\u00e4t Graz\",\"potentialAction\":[{\"@type\":\"SearchAction\",\"target\":\"https:\/\/tugraztestweb.asol.at\/?s={search_term_string}\",\"query-input\":\"required name=search_term_string\"}],\"inLanguage\":\"en-US\"},{\"@type\":\"ImageObject\",\"@id\":\"https:\/\/tugraztestweb.asol.at\/gesamtverzeichnis\/informatik-und-biomedizinische-technik\/percutaneous-coronary-intervention\/#primaryimage\",\"inLanguage\":\"en-US\",\"url\":\"https:\/\/tugraztestweb.asol.at\/wp-content\/uploads\/2021\/02\/image-978-3-85125-801-1.jpg\",\"contentUrl\":\"https:\/\/tugraztestweb.asol.at\/wp-content\/uploads\/2021\/02\/image-978-3-85125-801-1.jpg\",\"width\":590,\"height\":857},{\"@type\":\"WebPage\",\"@id\":\"https:\/\/tugraztestweb.asol.at\/gesamtverzeichnis\/informatik-und-biomedizinische-technik\/percutaneous-coronary-intervention\/#webpage\",\"url\":\"https:\/\/tugraztestweb.asol.at\/gesamtverzeichnis\/informatik-und-biomedizinische-technik\/percutaneous-coronary-intervention\/\",\"name\":\"Percutaneous Coronary Intervention - Verlag der TU Graz\",\"isPartOf\":{\"@id\":\"https:\/\/tugraztestweb.asol.at\/#website\"},\"primaryImageOfPage\":{\"@id\":\"https:\/\/tugraztestweb.asol.at\/gesamtverzeichnis\/informatik-und-biomedizinische-technik\/percutaneous-coronary-intervention\/#primaryimage\"},\"datePublished\":\"2021-02-16T09:59:12+00:00\",\"dateModified\":\"2021-03-09T13:35:37+00:00\",\"breadcrumb\":{\"@id\":\"https:\/\/tugraztestweb.asol.at\/gesamtverzeichnis\/informatik-und-biomedizinische-technik\/percutaneous-coronary-intervention\/#breadcrumb\"},\"inLanguage\":\"en-US\",\"potentialAction\":[{\"@type\":\"ReadAction\",\"target\":[\"https:\/\/tugraztestweb.asol.at\/gesamtverzeichnis\/informatik-und-biomedizinische-technik\/percutaneous-coronary-intervention\/\"]}]},{\"@type\":\"BreadcrumbList\",\"@id\":\"https:\/\/tugraztestweb.asol.at\/gesamtverzeichnis\/informatik-und-biomedizinische-technik\/percutaneous-coronary-intervention\/#breadcrumb\",\"itemListElement\":[{\"@type\":\"ListItem\",\"position\":1,\"item\":{\"@type\":\"WebPage\",\"@id\":\"https:\/\/tugraztestweb.asol.at\/\",\"url\":\"https:\/\/tugraztestweb.asol.at\/\",\"name\":\"Home\"}},{\"@type\":\"ListItem\",\"position\":2,\"item\":{\"@type\":\"WebPage\",\"@id\":\"https:\/\/tugraztestweb.asol.at\/gesamtverzeichnis\/\",\"url\":\"https:\/\/tugraztestweb.asol.at\/gesamtverzeichnis\/\",\"name\":\"Gesamtverzeichnis\"}},{\"@type\":\"ListItem\",\"position\":3,\"item\":{\"@type\":\"WebPage\",\"@id\":\"https:\/\/tugraztestweb.asol.at\/gesamtverzeichnis\/informatik-und-biomedizinische-technik\/percutaneous-coronary-intervention\/\",\"url\":\"https:\/\/tugraztestweb.asol.at\/gesamtverzeichnis\/informatik-und-biomedizinische-technik\/percutaneous-coronary-intervention\/\",\"name\":\"Percutaneous Coronary Intervention\"}}]}]}<\/script>\n<!-- \/ Yoast SEO plugin. -->","_links":{"self":[{"href":"https:\/\/tugraztestweb.asol.at\/en\/wp-json\/wp\/v2\/product\/40784"}],"collection":[{"href":"https:\/\/tugraztestweb.asol.at\/en\/wp-json\/wp\/v2\/product"}],"about":[{"href":"https:\/\/tugraztestweb.asol.at\/en\/wp-json\/wp\/v2\/types\/product"}],"replies":[{"embeddable":true,"href":"https:\/\/tugraztestweb.asol.at\/en\/wp-json\/wp\/v2\/comments?post=40784"}],"wp:featuredmedia":[{"embeddable":true,"href":"https:\/\/tugraztestweb.asol.at\/en\/wp-json\/wp\/v2\/media\/40797"}],"wp:attachment":[{"href":"https:\/\/tugraztestweb.asol.at\/en\/wp-json\/wp\/v2\/media?parent=40784"}],"curies":[{"name":"wp","href":"https:\/\/api.w.org\/{rel}","templated":true}]}}