{"id":40798,"date":"2021-02-16T09:55:26","date_gmt":"2021-02-16T09:55:26","guid":{"rendered":"https:\/\/tugraztestweb.asol.at\/gesamtverzeichnis\/unkategorisiert\/percutaneous-coronary-intervention-2\/"},"modified":"2021-02-16T12:56:26","modified_gmt":"2021-02-16T10:56:26","slug":"material-modeling-and-simulation-of-phenomena-at-the-nano-micro-and-macro-levels-in-fibrous-soft-tissues-of-the-cardiovascular-system","status":"publish","type":"product","link":"https:\/\/tugraztestweb.asol.at\/en\/gesamtverzeichnis\/informatik-und-biomedizinische-technik\/material-modeling-and-simulation-of-phenomena-at-the-nano-micro-and-macro-levels-in-fibrous-soft-tissues-of-the-cardiovascular-system\/","title":{"rendered":"Material Modeling and Simulation of Phenomena at the Nano, Micro and Macro Levels in Fibrous Soft Tissues of the Cardiovascular System"},"content":{"rendered":"<p> Clinical and experimental studies have highlighted that the human body continuously adapts in response to altering environmental factors, different lifestyles, aging, injuries, and diseases. To gain more insights into the causes and consequences of adaptation mechanisms in the cardiovascular system, one needs to understand better how stresses are distributed throughout the tissue and how cells can sense and convert mechanical forces into biochemical signals that ultimately modulate cell and tissue properties. In particular, this volume focuses on the biomechanical material modeling and simulation of phenomena at the nano, micro, and macro levels in fibrous soft tissues of the cardiovascular system. This includes the determination of more realistic stress distributions in healthy and aneurysmatic aortic walls, an analysis of the impact of the intracellular filament organization on the tissue remodeling rate, and a revised method to quantify shear deformations and corresponding stresses in planar biaxial tensile tests of the human ventricular myocardium.<\/p>","protected":false},"excerpt":{"rendered":"<p>Clinical and experimental studies have highlighted that the human body continuously adapts in response to altering environmental factors, different lifestyles, aging, injuries, and diseases. To gain more insights into the causes and consequences of adaptation mechanisms in the cardiovascular system, one needs to understand better how stresses are distributed throughout the tissue and how cells can sense and convert mechanical forces into biochemical signals that ultimately modulate cell and tissue properties. In particular, this volume focuses on the biomechanical material modeling and simulation of phenomena at the nano, micro, and macro levels in fibrous soft tissues of the cardiovascular system. This includes the determination of more realistic stress distributions in healthy and aneurysmatic aortic walls, an analysis of the impact of the intracellular filament organization on the tissue remodeling rate, and a revised method to quantify shear deformations and corresponding stresses in planar biaxial tensile tests of the human ventricular myocardium.<\/p>\n","protected":false},"featured_media":40852,"comment_status":"closed","ping_status":"closed","template":"","meta":[],"yoast_head":"<!-- This site is optimized with the Yoast SEO plugin v16.1.1 - https:\/\/yoast.com\/wordpress\/plugins\/seo\/ -->\n<link rel=\"canonical\" href=\"https:\/\/tugraztestweb.asol.at\/gesamtverzeichnis\/informatik-und-biomedizinische-technik\/material-modeling-and-simulation-of-phenomena-at-the-nano-micro-and-macro-levels-in-fibrous-soft-tissues-of-the-cardiovascular-system\/\" \/>\n<meta property=\"og:locale\" content=\"en_US\" \/>\n<meta property=\"og:type\" content=\"article\" \/>\n<meta property=\"og:title\" content=\"Material Modeling and Simulation of Phenomena at the Nano, Micro and Macro Levels in Fibrous Soft Tissues of the Cardiovascular System - Verlag der TU Graz\" \/>\n<meta property=\"og:description\" content=\"Klinische sowie experimentelle Studien haben gezeigt, dass der menschliche K\u00f6rper in der Lage ist, sich als Reaktion auf ver\u00e4ndernde Umweltfaktoren, unterschiedliche Lebensstile, den Alterungsprozess, Verletzungen und Krankheiten kontinuierlich anzupassen. Um bessere Einblicke in die Ursachen und Folgen von Adaptierungsmechanismen des Herz-Kreislauf-Systems zu erhalten, muss man besser verstehen, wie mechanische Spannungen im Gewebe verteilt sind und vor allem wie Zellen in der Lage sind, mechanische Kr\u00e4fte zu erfassen und anschlie\u00dfend in biochemische Signale umwandeln k\u00f6nnen, die letztendlich die Zell- und Gewebseigenschaften ver\u00e4ndern. Im Wesentlichen besch\u00e4ftigt sich dieses Werk mit der biomechanischen Materialmodellierung und Simulation von Ph\u00e4nomenen auf Nano-, Mikro- und Makroebene im faserhaltigen Weichgewebe des Herz-Kreislauf-Systems. Dies umfasst die Berechnung von Spannungsverteilung in gesunden und aneurysmatischen Aortenw\u00e4nden, die Analyse des Einflusses der intrazellul\u00e4ren Filamentorganisation auf die Umgestaltungsrate des Gewebes, sowie eine \u00fcberarbeitete Methode zur Quantifizierung von Scherdeformationen und zugeh\u00f6rigen Spannungen in planaren biaxialen Zugversuchen des menschlichen ventrikul\u00e4ren Myokards.Clinical and experimental studies have highlighted that the human body continuously adapts in response to altering environmental factors, different lifestyles, aging, injuries, and diseases. To gain more insights into the causes and consequences of adaptation mechanisms in the cardiovascular system, one needs to understand better how stresses are distributed throughout the tissue and how cells can sense and convert mechanical forces into biochemical signals that ultimately modulate cell and tissue properties. In particular, this volume focuses on the biomechanical material modeling and simulation of phenomena at the nano, micro, and macro levels in fibrous soft tissues of the cardiovascular system. This includes the determination of more realistic stress distributions in healthy and aneurysmatic aortic walls, an analysis of the impact of the intracellular filament organization on the tissue remodeling rate, and a revised method to quantify shear deformations and corresponding stresses in planar biaxial tensile tests of the human ventricular myocardium.\" \/>\n<meta property=\"og:url\" content=\"https:\/\/tugraztestweb.asol.at\/gesamtverzeichnis\/informatik-und-biomedizinische-technik\/material-modeling-and-simulation-of-phenomena-at-the-nano-micro-and-macro-levels-in-fibrous-soft-tissues-of-the-cardiovascular-system\/\" \/>\n<meta property=\"og:site_name\" content=\"Verlag der TU Graz\" \/>\n<meta property=\"article:modified_time\" content=\"2021-02-16T10:56:26+00:00\" \/>\n<meta property=\"og:image\" content=\"https:\/\/tugraztestweb.asol.at\/wp-content\/uploads\/2021\/02\/image-978-3-85125-802-8.jpg\" \/>\n\t<meta property=\"og:image:width\" content=\"588\" \/>\n\t<meta property=\"og:image:height\" content=\"858\" \/>\n<meta name=\"twitter:card\" content=\"summary_large_image\" \/>\n<meta name=\"twitter:label1\" content=\"Est. reading time\">\n\t<meta name=\"twitter:data1\" content=\"2 minutes\">\n<script type=\"application\/ld+json\" class=\"yoast-schema-graph\">{\"@context\":\"https:\/\/schema.org\",\"@graph\":[{\"@type\":\"WebSite\",\"@id\":\"https:\/\/tugraztestweb.asol.at\/#website\",\"url\":\"https:\/\/tugraztestweb.asol.at\/\",\"name\":\"Verlag der TU Graz\",\"description\":\"Verlag der Technischen Universit\\u00e4t Graz\",\"potentialAction\":[{\"@type\":\"SearchAction\",\"target\":\"https:\/\/tugraztestweb.asol.at\/?s={search_term_string}\",\"query-input\":\"required name=search_term_string\"}],\"inLanguage\":\"en-US\"},{\"@type\":\"ImageObject\",\"@id\":\"https:\/\/tugraztestweb.asol.at\/gesamtverzeichnis\/informatik-und-biomedizinische-technik\/material-modeling-and-simulation-of-phenomena-at-the-nano-micro-and-macro-levels-in-fibrous-soft-tissues-of-the-cardiovascular-system\/#primaryimage\",\"inLanguage\":\"en-US\",\"url\":\"https:\/\/tugraztestweb.asol.at\/wp-content\/uploads\/2021\/02\/image-978-3-85125-802-8.jpg\",\"contentUrl\":\"https:\/\/tugraztestweb.asol.at\/wp-content\/uploads\/2021\/02\/image-978-3-85125-802-8.jpg\",\"width\":588,\"height\":858},{\"@type\":\"WebPage\",\"@id\":\"https:\/\/tugraztestweb.asol.at\/gesamtverzeichnis\/informatik-und-biomedizinische-technik\/material-modeling-and-simulation-of-phenomena-at-the-nano-micro-and-macro-levels-in-fibrous-soft-tissues-of-the-cardiovascular-system\/#webpage\",\"url\":\"https:\/\/tugraztestweb.asol.at\/gesamtverzeichnis\/informatik-und-biomedizinische-technik\/material-modeling-and-simulation-of-phenomena-at-the-nano-micro-and-macro-levels-in-fibrous-soft-tissues-of-the-cardiovascular-system\/\",\"name\":\"Material Modeling and Simulation of Phenomena at the Nano, Micro and Macro Levels in Fibrous Soft Tissues of the Cardiovascular System - Verlag der TU Graz\",\"isPartOf\":{\"@id\":\"https:\/\/tugraztestweb.asol.at\/#website\"},\"primaryImageOfPage\":{\"@id\":\"https:\/\/tugraztestweb.asol.at\/gesamtverzeichnis\/informatik-und-biomedizinische-technik\/material-modeling-and-simulation-of-phenomena-at-the-nano-micro-and-macro-levels-in-fibrous-soft-tissues-of-the-cardiovascular-system\/#primaryimage\"},\"datePublished\":\"2021-02-16T09:55:26+00:00\",\"dateModified\":\"2021-02-16T10:56:26+00:00\",\"breadcrumb\":{\"@id\":\"https:\/\/tugraztestweb.asol.at\/gesamtverzeichnis\/informatik-und-biomedizinische-technik\/material-modeling-and-simulation-of-phenomena-at-the-nano-micro-and-macro-levels-in-fibrous-soft-tissues-of-the-cardiovascular-system\/#breadcrumb\"},\"inLanguage\":\"en-US\",\"potentialAction\":[{\"@type\":\"ReadAction\",\"target\":[\"https:\/\/tugraztestweb.asol.at\/gesamtverzeichnis\/informatik-und-biomedizinische-technik\/material-modeling-and-simulation-of-phenomena-at-the-nano-micro-and-macro-levels-in-fibrous-soft-tissues-of-the-cardiovascular-system\/\"]}]},{\"@type\":\"BreadcrumbList\",\"@id\":\"https:\/\/tugraztestweb.asol.at\/gesamtverzeichnis\/informatik-und-biomedizinische-technik\/material-modeling-and-simulation-of-phenomena-at-the-nano-micro-and-macro-levels-in-fibrous-soft-tissues-of-the-cardiovascular-system\/#breadcrumb\",\"itemListElement\":[{\"@type\":\"ListItem\",\"position\":1,\"item\":{\"@type\":\"WebPage\",\"@id\":\"https:\/\/tugraztestweb.asol.at\/\",\"url\":\"https:\/\/tugraztestweb.asol.at\/\",\"name\":\"Home\"}},{\"@type\":\"ListItem\",\"position\":2,\"item\":{\"@type\":\"WebPage\",\"@id\":\"https:\/\/tugraztestweb.asol.at\/gesamtverzeichnis\/\",\"url\":\"https:\/\/tugraztestweb.asol.at\/gesamtverzeichnis\/\",\"name\":\"Gesamtverzeichnis\"}},{\"@type\":\"ListItem\",\"position\":3,\"item\":{\"@type\":\"WebPage\",\"@id\":\"https:\/\/tugraztestweb.asol.at\/gesamtverzeichnis\/informatik-und-biomedizinische-technik\/material-modeling-and-simulation-of-phenomena-at-the-nano-micro-and-macro-levels-in-fibrous-soft-tissues-of-the-cardiovascular-system\/\",\"url\":\"https:\/\/tugraztestweb.asol.at\/gesamtverzeichnis\/informatik-und-biomedizinische-technik\/material-modeling-and-simulation-of-phenomena-at-the-nano-micro-and-macro-levels-in-fibrous-soft-tissues-of-the-cardiovascular-system\/\",\"name\":\"Material Modeling and Simulation of Phenomena at the Nano, Micro and Macro Levels in Fibrous Soft Tissues of the Cardiovascular System\"}}]}]}<\/script>\n<!-- \/ Yoast SEO plugin. -->","_links":{"self":[{"href":"https:\/\/tugraztestweb.asol.at\/en\/wp-json\/wp\/v2\/product\/40798"}],"collection":[{"href":"https:\/\/tugraztestweb.asol.at\/en\/wp-json\/wp\/v2\/product"}],"about":[{"href":"https:\/\/tugraztestweb.asol.at\/en\/wp-json\/wp\/v2\/types\/product"}],"replies":[{"embeddable":true,"href":"https:\/\/tugraztestweb.asol.at\/en\/wp-json\/wp\/v2\/comments?post=40798"}],"wp:featuredmedia":[{"embeddable":true,"href":"https:\/\/tugraztestweb.asol.at\/en\/wp-json\/wp\/v2\/media\/40852"}],"wp:attachment":[{"href":"https:\/\/tugraztestweb.asol.at\/en\/wp-json\/wp\/v2\/media?parent=40798"}],"curies":[{"name":"wp","href":"https:\/\/api.w.org\/{rel}","templated":true}]}}